{"id":149,"date":"2022-09-19T13:20:33","date_gmt":"2022-09-19T13:20:33","guid":{"rendered":"https:\/\/taetske.com\/?post_type=product&#038;p=149"},"modified":"2023-09-29T08:29:24","modified_gmt":"2023-09-29T08:29:24","slug":"qlb-taetske-kleijn-du-bist-so-schon-download","status":"publish","type":"product","link":"https:\/\/www.taetske.com\/en\/product\/qlb-taetske-kleijn-du-bist-so-schon-download\/","title":{"rendered":"QLB Taetske Kleijn: Du bist so sch\u00f6n &#8211; download"},"content":{"rendered":"<p>Quantum Light Breath meditation auf Deutsch mit Taetske (mp3 download)<\/p>\n<p>Eine einst\u00fcndige, wirkungsvolle Atemmeditation die kraftvoll zur Reinigung und Kl\u00e4rung von K\u00f6rper, Geist und Seele f\u00fchrt. Taetske leitet in deutscher Sprache durch den Prozess.<\/p>\n<ul>\n<li class=\"aufzaehlung\">Befreie Dich von hemmenden Mustern und Blockaden<\/li>\n<li class=\"aufzaehlung\">\u00d6ffne Dich einer direkten extatischen Erfahrung<\/li>\n<li class=\"aufzaehlung\">La\u00df Deine festgehaltenen \u00c4ngste und Spannungen los<\/li>\n<li class=\"aufzaehlung\">Dehne Dein Energiefeld aus, erweitere Dein Bewu\u00dftsein<\/li>\n<\/ul>\n<p>Live aufgenommen bei dem Clarity Seminar Der gr\u00fcne Drachen und der\/die Vierj\u00e4hrige am 12. Juni 2015.<\/p>\n","protected":false},"excerpt":{"rendered":"<p>Quantum Light Breath meditation auf Deutsch mit Taetske (mp3 download) Eine einst\u00fcndige, wirkungsvolle Atemmeditation die kraftvoll zur Reinigung und Kl\u00e4rung von K\u00f6rper, Geist und Seele f\u00fchrt. Taetske leitet in deutscher Sprache durch den Prozess. Befreie Dich von hemmenden Mustern und Blockaden \u00d6ffne Dich einer direkten extatischen Erfahrung La\u00df Deine festgehaltenen \u00c4ngste und Spannungen los Dehne [&hellip;]<\/p>\n","protected":false},"featured_media":195,"comment_status":"open","ping_status":"closed","template":"","meta":[],"product_brand":[],"product_cat":[21,22],"product_tag":[],"class_list":{"0":"post-149","1":"product","2":"type-product","3":"status-publish","4":"has-post-thumbnail","6":"product_cat-qlb-deutsch","7":"product_cat-downloads","9":"first","10":"instock","11":"downloadable","12":"virtual","13":"taxable","14":"purchasable","15":"product-type-simple"},"_links":{"self":[{"href":"https:\/\/www.taetske.com\/en\/wp-json\/wp\/v2\/product\/149","targetHints":{"allow":["GET"]}}],"collection":[{"href":"https:\/\/www.taetske.com\/en\/wp-json\/wp\/v2\/product"}],"about":[{"href":"https:\/\/www.taetske.com\/en\/wp-json\/wp\/v2\/types\/product"}],"replies":[{"embeddable":true,"href":"https:\/\/www.taetske.com\/en\/wp-json\/wp\/v2\/comments?post=149"}],"wp:featuredmedia":[{"embeddable":true,"href":"https:\/\/www.taetske.com\/en\/wp-json\/wp\/v2\/media\/195"}],"wp:attachment":[{"href":"https:\/\/www.taetske.com\/en\/wp-json\/wp\/v2\/media?parent=149"}],"wp:term":[{"taxonomy":"product_brand","embeddable":true,"href":"https:\/\/www.taetske.com\/en\/wp-json\/wp\/v2\/product_brand?post=149"},{"taxonomy":"product_cat","embeddable":true,"href":"https:\/\/www.taetske.com\/en\/wp-json\/wp\/v2\/product_cat?post=149"},{"taxonomy":"product_tag","embeddable":true,"href":"https:\/\/www.taetske.com\/en\/wp-json\/wp\/v2\/product_tag?post=149"}],"curies":[{"name":"wp","href":"https:\/\/api.w.org\/{rel}","templated":true}]}}