{"id":1778,"date":"2023-03-04T14:16:43","date_gmt":"2023-03-04T14:16:43","guid":{"rendered":"https:\/\/www.taetske.com\/?post_type=product&#038;p=1778"},"modified":"2023-09-29T07:51:20","modified_gmt":"2023-09-29T07:51:20","slug":"qlb-taetske-kleijn-sage-ja-zu-deiner-kraft-download","status":"publish","type":"product","link":"https:\/\/www.taetske.com\/de\/produkt\/qlb-taetske-kleijn-sage-ja-zu-deiner-kraft-download\/","title":{"rendered":"QLB Taetske Kleijn: Sage Ja zu deiner Kraft &#8211; download"},"content":{"rendered":"<p>Quantum Light Breath meditation auf Deutsch mit Taetske (mp3 download), mit sehr kraftvoller Musik (Heavy Metal) im schnellen Atemteil.<\/p>\n<p>Einst\u00fcndige, wirkungsvolle Atemmeditation die kraftvoll zur Reinigung und Kl\u00e4rung von K\u00f6rper, Geist und Seele f\u00fchrt. Taetske leitet in deutscher Sprache durch den Prozess.<\/p>\n<p>Live aufgenommen bei einem post Inner Core Retreat in Schloss Bettenburg am 20. April 2010.<\/p>\n<ul>\n<li class=\"aufzaehlung\">Befreie Dich von hemmenden Mustern und Blockaden<\/li>\n<li class=\"aufzaehlung\">\u00d6ffne Dich einer direkten ekstatischen Erfahrung<\/li>\n<li class=\"aufzaehlung\">La\u00df Deine festgehaltenen \u00c4ngste und Spannungen los<\/li>\n<li class=\"aufzaehlung\">Dehne Dein Energiefeld aus, erweitere Dein Bewu\u00dftsein<\/li>\n<\/ul>\n<p>&nbsp;<\/p>\n","protected":false},"excerpt":{"rendered":"<p>Quantum Light Breath meditation auf Deutsch mit Taetske (mp3 download), mit sehr kraftvoller Musik (Heavy Metal) im schnellen Atemteil. Einst\u00fcndige, wirkungsvolle Atemmeditation die kraftvoll zur Reinigung und Kl\u00e4rung von K\u00f6rper, Geist und Seele f\u00fchrt. Taetske leitet in deutscher Sprache durch den Prozess. Live aufgenommen bei einem post Inner Core Retreat in Schloss Bettenburg am 20. [&hellip;]<\/p>\n","protected":false},"featured_media":1782,"comment_status":"open","ping_status":"closed","template":"","meta":[],"product_brand":[],"product_cat":[21,22],"product_tag":[],"class_list":{"0":"post-1778","1":"product","2":"type-product","3":"status-publish","4":"has-post-thumbnail","6":"product_cat-qlb-deutsch","7":"product_cat-downloads","9":"first","10":"instock","11":"downloadable","12":"virtual","13":"taxable","14":"purchasable","15":"product-type-simple"},"_links":{"self":[{"href":"https:\/\/www.taetske.com\/de\/wp-json\/wp\/v2\/product\/1778","targetHints":{"allow":["GET"]}}],"collection":[{"href":"https:\/\/www.taetske.com\/de\/wp-json\/wp\/v2\/product"}],"about":[{"href":"https:\/\/www.taetske.com\/de\/wp-json\/wp\/v2\/types\/product"}],"replies":[{"embeddable":true,"href":"https:\/\/www.taetske.com\/de\/wp-json\/wp\/v2\/comments?post=1778"}],"wp:featuredmedia":[{"embeddable":true,"href":"https:\/\/www.taetske.com\/de\/wp-json\/wp\/v2\/media\/1782"}],"wp:attachment":[{"href":"https:\/\/www.taetske.com\/de\/wp-json\/wp\/v2\/media?parent=1778"}],"wp:term":[{"taxonomy":"product_brand","embeddable":true,"href":"https:\/\/www.taetske.com\/de\/wp-json\/wp\/v2\/product_brand?post=1778"},{"taxonomy":"product_cat","embeddable":true,"href":"https:\/\/www.taetske.com\/de\/wp-json\/wp\/v2\/product_cat?post=1778"},{"taxonomy":"product_tag","embeddable":true,"href":"https:\/\/www.taetske.com\/de\/wp-json\/wp\/v2\/product_tag?post=1778"}],"curies":[{"name":"wp","href":"https:\/\/api.w.org\/{rel}","templated":true}]}}