{"id":1773,"date":"2023-03-04T13:35:47","date_gmt":"2023-03-04T13:35:47","guid":{"rendered":"https:\/\/www.taetske.com\/?post_type=product&#038;p=1773"},"modified":"2023-09-29T07:52:25","modified_gmt":"2023-09-29T07:52:25","slug":"qlb-taetske-kleijn-nimm-das-geschenk-des-kindes-an-download","status":"publish","type":"product","link":"https:\/\/www.taetske.com\/de\/produkt\/qlb-taetske-kleijn-nimm-das-geschenk-des-kindes-an-download\/","title":{"rendered":"QLB Taetske Kleijn: Nimm das Geschenk des Kindes an &#8211; Download"},"content":{"rendered":"<p>Quantum Light Breath meditation auf Deutsch mit Taetske (mp3 download), mit abenteuerlicher Musik und einem besonderen Ende dieser QLB-Reise mit deinem inneren Kind.<\/p>\n<p>Einst\u00fcndige, wirkungsvolle Atemmeditation die kraftvoll zur Reinigung und Kl\u00e4rung von K\u00f6rper, Geist und Seele f\u00fchrt. Taetske leitet in deutscher Sprache durch den Prozess.<\/p>\n<p>Live aufgenommen bei einem post Inner Core Retreat in Schloss Bettenburg am 19. Mai 2011.<\/p>\n<ul>\n<li class=\"aufzaehlung\">Befreie Dich von hemmenden Mustern und Blockaden<\/li>\n<li class=\"aufzaehlung\">\u00d6ffne Dich einer direkten ekstatischen Erfahrung<\/li>\n<li class=\"aufzaehlung\">La\u00df Deine festgehaltenen \u00c4ngste und Spannungen los<\/li>\n<li class=\"aufzaehlung\">Dehne Dein Energiefeld aus, erweitere Dein Bewu\u00dftsein<\/li>\n<\/ul>\n<p>&nbsp;<\/p>\n","protected":false},"excerpt":{"rendered":"<p>Quantum Light Breath meditation auf Deutsch mit Taetske (mp3 download), mit abenteuerlicher Musik und einem besonderen Ende dieser QLB-Reise mit deinem inneren Kind. Einst\u00fcndige, wirkungsvolle Atemmeditation die kraftvoll zur Reinigung und Kl\u00e4rung von K\u00f6rper, Geist und Seele f\u00fchrt. Taetske leitet in deutscher Sprache durch den Prozess. Live aufgenommen bei einem post Inner Core Retreat in [&hellip;]<\/p>\n","protected":false},"featured_media":1785,"comment_status":"open","ping_status":"closed","template":"","meta":[],"product_brand":[],"product_cat":[21,22],"product_tag":[],"class_list":{"0":"post-1773","1":"product","2":"type-product","3":"status-publish","4":"has-post-thumbnail","6":"product_cat-qlb-deutsch","7":"product_cat-downloads","9":"first","10":"instock","11":"downloadable","12":"virtual","13":"taxable","14":"purchasable","15":"product-type-simple"},"_links":{"self":[{"href":"https:\/\/www.taetske.com\/de\/wp-json\/wp\/v2\/product\/1773","targetHints":{"allow":["GET"]}}],"collection":[{"href":"https:\/\/www.taetske.com\/de\/wp-json\/wp\/v2\/product"}],"about":[{"href":"https:\/\/www.taetske.com\/de\/wp-json\/wp\/v2\/types\/product"}],"replies":[{"embeddable":true,"href":"https:\/\/www.taetske.com\/de\/wp-json\/wp\/v2\/comments?post=1773"}],"wp:featuredmedia":[{"embeddable":true,"href":"https:\/\/www.taetske.com\/de\/wp-json\/wp\/v2\/media\/1785"}],"wp:attachment":[{"href":"https:\/\/www.taetske.com\/de\/wp-json\/wp\/v2\/media?parent=1773"}],"wp:term":[{"taxonomy":"product_brand","embeddable":true,"href":"https:\/\/www.taetske.com\/de\/wp-json\/wp\/v2\/product_brand?post=1773"},{"taxonomy":"product_cat","embeddable":true,"href":"https:\/\/www.taetske.com\/de\/wp-json\/wp\/v2\/product_cat?post=1773"},{"taxonomy":"product_tag","embeddable":true,"href":"https:\/\/www.taetske.com\/de\/wp-json\/wp\/v2\/product_tag?post=1773"}],"curies":[{"name":"wp","href":"https:\/\/api.w.org\/{rel}","templated":true}]}}