{"id":159,"date":"2022-09-19T13:21:00","date_gmt":"2022-09-19T13:21:00","guid":{"rendered":"https:\/\/taetske.com\/?post_type=product&#038;p=159"},"modified":"2023-09-29T08:24:05","modified_gmt":"2023-09-29T08:24:05","slug":"qlb-set-deutsch-taetske-kleijn-2-downloads","status":"publish","type":"product","link":"https:\/\/www.taetske.com\/de\/produkt\/qlb-set-deutsch-taetske-kleijn-2-downloads\/","title":{"rendered":"QLB-set Deutsch Taetske Kleijn &#8211; 2 downloads"},"content":{"rendered":"<p>Die beide QLB&#8217;s auf Deutsch mit Taetske (mp3 downpoad)<\/p>\n<p>CD1 &#8211; Du bist so sch\u00f6n<br \/>\nCD2 &#8211; Alles geht ins Licht<\/p>\n<p>Quantum Light Breath: Eine einst\u00fcndige, wirkungsvolle Atemmeditation die kraftvoll zur Reinigung und Kl\u00e4rung von K\u00f6rper, Geist und Seele f\u00fchrt. Taetske leitet in deutscher Sprache durch den Prozess.<\/p>\n<ul>\n<li class=\"aufzaehlung\">Befreie Dich von hemmenden Mustern und Blockaden<\/li>\n<li class=\"aufzaehlung\">\u00d6ffne Dich einer direkten extatischen Erfahrung<\/li>\n<li class=\"aufzaehlung\">La\u00df Deine festgehaltenen \u00c4ngste und Spannungen los<\/li>\n<li class=\"aufzaehlung\">Dehne Dein Energiefeld aus, erweitere Dein Bewu\u00dftsein<\/li>\n<\/ul>\n<p>Live aufgenommen bei dem Clarity Seminar Der gr\u00fcne Drachen und der\/die Vierj\u00e4hrige am 12. und 14. Juni 2015.<\/p>\n","protected":false},"excerpt":{"rendered":"<p>Die beide QLB&#8217;s auf Deutsch mit Taetske (mp3 downpoad) CD1 &#8211; Du bist so sch\u00f6n CD2 &#8211; Alles geht ins Licht Quantum Light Breath: Eine einst\u00fcndige, wirkungsvolle Atemmeditation die kraftvoll zur Reinigung und Kl\u00e4rung von K\u00f6rper, Geist und Seele f\u00fchrt. Taetske leitet in deutscher Sprache durch den Prozess. Befreie Dich von hemmenden Mustern und Blockaden [&hellip;]<\/p>\n","protected":false},"featured_media":201,"comment_status":"open","ping_status":"closed","template":"","meta":[],"product_brand":[],"product_cat":[21,22],"product_tag":[],"class_list":{"0":"post-159","1":"product","2":"type-product","3":"status-publish","4":"has-post-thumbnail","6":"product_cat-qlb-deutsch","7":"product_cat-downloads","9":"first","10":"instock","11":"downloadable","12":"virtual","13":"taxable","14":"purchasable","15":"product-type-simple"},"_links":{"self":[{"href":"https:\/\/www.taetske.com\/de\/wp-json\/wp\/v2\/product\/159","targetHints":{"allow":["GET"]}}],"collection":[{"href":"https:\/\/www.taetske.com\/de\/wp-json\/wp\/v2\/product"}],"about":[{"href":"https:\/\/www.taetske.com\/de\/wp-json\/wp\/v2\/types\/product"}],"replies":[{"embeddable":true,"href":"https:\/\/www.taetske.com\/de\/wp-json\/wp\/v2\/comments?post=159"}],"wp:featuredmedia":[{"embeddable":true,"href":"https:\/\/www.taetske.com\/de\/wp-json\/wp\/v2\/media\/201"}],"wp:attachment":[{"href":"https:\/\/www.taetske.com\/de\/wp-json\/wp\/v2\/media?parent=159"}],"wp:term":[{"taxonomy":"product_brand","embeddable":true,"href":"https:\/\/www.taetske.com\/de\/wp-json\/wp\/v2\/product_brand?post=159"},{"taxonomy":"product_cat","embeddable":true,"href":"https:\/\/www.taetske.com\/de\/wp-json\/wp\/v2\/product_cat?post=159"},{"taxonomy":"product_tag","embeddable":true,"href":"https:\/\/www.taetske.com\/de\/wp-json\/wp\/v2\/product_tag?post=159"}],"curies":[{"name":"wp","href":"https:\/\/api.w.org\/{rel}","templated":true}]}}