{"id":1208,"date":"2023-01-13T09:55:50","date_gmt":"2023-01-13T09:55:50","guid":{"rendered":"https:\/\/www.taetske.com\/webshop\/versand-und-rueckgabe\/"},"modified":"2026-01-05T14:29:21","modified_gmt":"2026-01-05T14:29:21","slug":"versand-und-rueckgabe","status":"publish","type":"page","link":"https:\/\/www.taetske.com\/de\/webshop\/versand-und-rueckgabe\/","title":{"rendered":"Versand und R\u00fcckgabe"},"content":{"rendered":"<div class=\"et_d4_element et_pb_section et_pb_section_0  et_pb_css_mix_blend_mode et_section_regular et_block_section\" >\n\t\t\t\t\n\t\t\t\t\n\t\t\t\t\n\t\t\t\t\n\t\t\t\t\n\t\t\t\t\n\t\t\t\t<div class=\"et_d4_element et_pb_row et_pb_row_0  et_pb_css_mix_blend_mode et_block_row\">\n\t\t\t\t<div class=\"et_d4_element et_pb_column_4_4 et_pb_column et_pb_column_0  et_pb_css_mix_blend_mode et-last-child et_block_column\">\n\t\t\t\t\n\t\t\t\t\n\t\t\t\t\n\t\t\t\t\n\t\t\t\t<div class=\"et_pb_module et_d4_element et_pb_text et_pb_text_0  et_pb_text_align_left et_pb_bg_layout_light\">\n\t\t\t\t\n\t\t\t\t\n\t\t\t\t\n\t\t\t\t\n\t\t\t\t<div class=\"et_pb_text_inner\"><div class=\"post-entry post-entry-type-page post-entry-5663\">\n<div class=\"entry-content-wrapper clearfix\">\n<section class=\"av_introblock_section\" itemscope=\"itemscope\" itemtype=\"https:\/\/schema.org\/CreativeWork\">\n<div class=\"avia_introblock \" itemprop=\"text\">\n<h1>Versand und R\u00fcckgabe<\/h1>\n<p>Hier finden Sie Informationen zu Versand und R\u00fcckgabe. Wenn Sie noch Fragen haben, k\u00f6nnen Sie uns gerne <a href=\"https:\/\/www.taetske.com\/de\/kontakt\/\">kontaktieren<\/a>. Die allgemeinen Gesch\u00e4ftsbedingungen finden Sie auf der Seite Allgemeine <a href=\"https:\/\/www.taetske.com\/de\/webshop\/allgemeine-bedingungen-und-konditionen\/\">Gesch\u00e4ftsbedingungen<\/a>.<\/p>\n<\/div>\n<\/section>\n<section class=\"av_textblock_section\" itemscope=\"itemscope\" itemtype=\"https:\/\/schema.org\/CreativeWork\">\n<div class=\"avia_textblock \" itemprop=\"text\">\n<p>Versand innerhalb der Niederlande \u20ac 4,95.<br \/>Europa 1 Versand ohne Sendungsverfolgung 6 \u20ac (nur f\u00fcr Bestellungen bis zu 55 \u20ac).<br \/>Europa 1 Versand mit Sendungsverfolgung \u20ac 15; Europa 2 mit Sendungsverfolgung \u20ac 20.<\/p>\n<p>\u00dcber die Website versenden wir nicht au\u00dferhalb Europas. F\u00fcr den Versand au\u00dferhalb Europas, <a href=\"https:\/\/www.taetske.com\/de\/kontakt\/\">kontaktieren Sie<\/a> uns bitte.<\/p>\n<p>Beim Europa-1-Versand ohne Sendungsverfolgung liegt das Risiko, dass die Sendung verloren geht, beim Empf\u00e4nger.<br \/>Beim Versand mit Track &amp; Trace liegt das Verlustrisiko bei uns.<\/p>\n<p>Kostenloser Versand innerhalb der Niederlande bei einem Bestellwert von mindestens 100 \u20ac.<br \/>Kostenloser internationaler Versand bei einem Bestellwert von mindestens 150 \u20ac.<\/p>\n<p>Wir bem\u00fchen uns, Ihre Bestellung innerhalb von zwei Werktagen zu versenden. Unser B\u00fcro ist montags und donnerstags ge\u00f6ffnet.<\/p>\n<p>Abgesehen von ungew\u00f6hnlichen, unvorhersehbaren Umst\u00e4nden (Naturkatastrophen, Terroranschl\u00e4ge usw.) \u00fcbernehmen wir die Verantwortung f\u00fcr besch\u00e4digte Sendungen, sofern Sie rechtzeitig reagieren. Das bedeutet, dass Sie besch\u00e4digte Artikel innerhalb von 10 Tagen zur\u00fcckgeben k\u00f6nnen und neue erhalten. Die Portokosten sind f\u00fcr uns.<\/p>\n<p><strong>Sammlung<\/strong><br \/>Die Bestellung kann kostenlos bei uns in Leiden abgeholt werden. Bitte vereinbaren Sie dazu einen Abholtermin unter +31 71 5173508 oder <a href=\"https:\/\/www.taetske.com\/de\/kontakt\/\">kontaktieren Sie<\/a> uns.<\/p>\n<p><strong>Umtausch und R\u00fcckgabe<\/strong><br \/>Umtausch und R\u00fcckgabe sind innerhalb von 14 Tagen m\u00f6glich, sofern die Artikel unbenutzt, unbesch\u00e4digt und in der Originalverpackung sind. Die Kosten f\u00fcr die R\u00fccksendung gehen zu Ihren Lasten. Downloads k\u00f6nnen nur dann umgetauscht oder zur\u00fcckgegeben werden, wenn kein Download stattgefunden hat.<\/p>\n<p>Nach Genehmigung der R\u00fccksendung haben Sie 14 Tage Zeit, den Artikel zur\u00fcckzusenden. Bei Erhalt der Ware in gutem Zustand und unversehrter Verpackung erstatten wir den f\u00e4lligen Betrag innerhalb von 14 Tagen.<\/p>\n<p>Sie k\u00f6nnen Ihre R\u00fcckgabe \u00fcber die <a href=\"https:\/\/www.taetske.com\/de\/kontakt\/\">Kontaktseite<\/a> anmelden.<\/p>\n<\/div>\n<\/section>\n<\/div>\n<\/div>\n<p>&nbsp;<\/p>\n<p><!-- \/divi:paragraph --><\/div>\n\t\t\t<\/div>\n\t\t\t<\/div>\n\t\t\t\t\n\t\t\t\t\n\t\t\t\t\n\t\t\t\t\n\t\t\t<\/div>\n\t\t\t\t\n\t\t\t\t\n\t\t\t<\/div>\n","protected":false},"excerpt":{"rendered":"","protected":false},"author":1,"featured_media":0,"parent":1147,"menu_order":0,"comment_status":"closed","ping_status":"closed","template":"","meta":{"_et_pb_use_builder":"on","_et_pb_old_content":"","_et_gb_content_width":"","footnotes":""},"class_list":["post-1208","page","type-page","status-publish","hentry"],"_links":{"self":[{"href":"https:\/\/www.taetske.com\/de\/wp-json\/wp\/v2\/pages\/1208","targetHints":{"allow":["GET"]}}],"collection":[{"href":"https:\/\/www.taetske.com\/de\/wp-json\/wp\/v2\/pages"}],"about":[{"href":"https:\/\/www.taetske.com\/de\/wp-json\/wp\/v2\/types\/page"}],"author":[{"embeddable":true,"href":"https:\/\/www.taetske.com\/de\/wp-json\/wp\/v2\/users\/1"}],"replies":[{"embeddable":true,"href":"https:\/\/www.taetske.com\/de\/wp-json\/wp\/v2\/comments?post=1208"}],"version-history":[{"count":5,"href":"https:\/\/www.taetske.com\/de\/wp-json\/wp\/v2\/pages\/1208\/revisions"}],"predecessor-version":[{"id":2999,"href":"https:\/\/www.taetske.com\/de\/wp-json\/wp\/v2\/pages\/1208\/revisions\/2999"}],"up":[{"embeddable":true,"href":"https:\/\/www.taetske.com\/de\/wp-json\/wp\/v2\/pages\/1147"}],"wp:attachment":[{"href":"https:\/\/www.taetske.com\/de\/wp-json\/wp\/v2\/media?parent=1208"}],"curies":[{"name":"wp","href":"https:\/\/api.w.org\/{rel}","templated":true}]}}